{"id":25,"date":"2024-07-31T11:55:12","date_gmt":"2024-07-31T09:55:12","guid":{"rendered":"http:\/\/altheis.agencecreativo.com\/?page_id=25"},"modified":"2024-08-05T15:02:41","modified_gmt":"2024-08-05T13:02:41","slug":"contact","status":"publish","type":"page","link":"https:\/\/altheis.agencecreativo.com\/index.php\/contact\/","title":{"rendered":"Contact"},"content":{"rendered":"\t\t<div data-elementor-type=\"wp-page\" data-elementor-id=\"25\" class=\"elementor elementor-25\" data-elementor-post-type=\"page\">\n\t\t\t\t<div class=\"elementor-element elementor-element-46c9b51 e-con-full e-flex e-con e-parent\" data-id=\"46c9b51\" data-element_type=\"container\" data-e-type=\"container\" data-settings=\"{&quot;background_background&quot;:&quot;classic&quot;}\">\n\t\t\t\t<div class=\"elementor-element elementor-element-2466c53 elementor-widget elementor-widget-heading\" data-id=\"2466c53\" data-element_type=\"widget\" data-e-type=\"widget\" data-widget_type=\"heading.default\">\n\t\t\t\t<div class=\"elementor-widget-container\">\n\t\t\t\t\t<h2 class=\"elementor-heading-title elementor-size-default\">CONTACTEZ-NOUS<\/h2>\t\t\t\t<\/div>\n\t\t\t\t<\/div>\n\t\t\t\t<\/div>\n\t\t<div class=\"elementor-element elementor-element-d2000b3 e-con-full e-flex e-con e-parent\" data-id=\"d2000b3\" data-element_type=\"container\" data-e-type=\"container\">\n\t\t<div class=\"elementor-element elementor-element-3cd07f2 e-con-full e-flex e-con e-child\" data-id=\"3cd07f2\" data-element_type=\"container\" data-e-type=\"container\">\n\t\t\t\t<div class=\"elementor-element elementor-element-92c5bd5 elementor-widget__width-initial elementor-view-default elementor-position-block-start elementor-mobile-position-block-start elementor-widget elementor-widget-icon-box\" data-id=\"92c5bd5\" data-element_type=\"widget\" data-e-type=\"widget\" data-widget_type=\"icon-box.default\">\n\t\t\t\t<div class=\"elementor-widget-container\">\n\t\t\t\t\t\t\t<div class=\"elementor-icon-box-wrapper\">\n\n\t\t\t\t\t\t<div class=\"elementor-icon-box-icon\">\n\t\t\t\t<span  class=\"elementor-icon\">\n\t\t\t\t<svg xmlns=\"http:\/\/www.w3.org\/2000\/svg\" xmlns:xlink=\"http:\/\/www.w3.org\/1999\/xlink\" id=\"Capa_1\" x=\"0px\" y=\"0px\" viewBox=\"0 0 512.076 512.076\" style=\"enable-background:new 0 0 512.076 512.076;\" xml:space=\"preserve\"><g transform=\"translate(-1 -1)\">\t<g>\t\t<g>\t\t\t<path d=\"M499.639,396.039l-103.646-69.12c-13.153-8.701-30.784-5.838-40.508,6.579l-30.191,38.818    c-3.88,5.116-10.933,6.6-16.546,3.482l-5.743-3.166c-19.038-10.377-42.726-23.296-90.453-71.04s-60.672-71.45-71.049-90.453    l-3.149-5.743c-3.161-5.612-1.705-12.695,3.413-16.606l38.792-30.182c12.412-9.725,15.279-27.351,6.588-40.508l-69.12-103.646    C109.12,1.056,91.25-2.966,77.461,5.323L34.12,31.358C20.502,39.364,10.511,52.33,6.242,67.539    c-15.607,56.866-3.866,155.008,140.706,299.597c115.004,114.995,200.619,145.92,259.465,145.92    c13.543,0.058,27.033-1.704,40.107-5.239c15.212-4.264,28.18-14.256,36.181-27.878l26.061-43.315    C517.063,422.832,513.043,404.951,499.639,396.039z M494.058,427.868l-26.001,43.341c-5.745,9.832-15.072,17.061-26.027,20.173    c-52.497,14.413-144.213,2.475-283.008-136.32S8.29,124.559,22.703,72.054c3.116-10.968,10.354-20.307,20.198-26.061    l43.341-26.001c5.983-3.6,13.739-1.855,17.604,3.959l37.547,56.371l31.514,47.266c3.774,5.707,2.534,13.356-2.85,17.579    l-38.801,30.182c-11.808,9.029-15.18,25.366-7.91,38.332l3.081,5.598c10.906,20.002,24.465,44.885,73.967,94.379    c49.502,49.493,74.377,63.053,94.37,73.958l5.606,3.089c12.965,7.269,29.303,3.898,38.332-7.91l30.182-38.801    c4.224-5.381,11.87-6.62,17.579-2.85l103.637,69.12C495.918,414.126,497.663,421.886,494.058,427.868z\"><\/path>\t\t\t<path d=\"M291.161,86.39c80.081,0.089,144.977,64.986,145.067,145.067c0,4.713,3.82,8.533,8.533,8.533s8.533-3.82,8.533-8.533    c-0.099-89.503-72.63-162.035-162.133-162.133c-4.713,0-8.533,3.82-8.533,8.533S286.448,86.39,291.161,86.39z\"><\/path>\t\t\t<path d=\"M291.161,137.59c51.816,0.061,93.806,42.051,93.867,93.867c0,4.713,3.821,8.533,8.533,8.533    c4.713,0,8.533-3.82,8.533-8.533c-0.071-61.238-49.696-110.863-110.933-110.933c-4.713,0-8.533,3.82-8.533,8.533    S286.448,137.59,291.161,137.59z\"><\/path>\t\t\t<path d=\"M291.161,188.79c23.552,0.028,42.638,19.114,42.667,42.667c0,4.713,3.821,8.533,8.533,8.533s8.533-3.82,8.533-8.533    c-0.038-32.974-26.759-59.696-59.733-59.733c-4.713,0-8.533,3.82-8.533,8.533S286.448,188.79,291.161,188.79z\"><\/path>\t\t<\/g>\t<\/g><\/g><g><\/g><g><\/g><g><\/g><g><\/g><g><\/g><g><\/g><g><\/g><g><\/g><g><\/g><g><\/g><g><\/g><g><\/g><g><\/g><g><\/g><g><\/g><\/svg>\t\t\t\t<\/span>\n\t\t\t<\/div>\n\t\t\t\n\t\t\t\t\t\t<div class=\"elementor-icon-box-content\">\n\n\t\t\t\t\t\t\t\t\t<h3 class=\"elementor-icon-box-title\">\n\t\t\t\t\t\t<span  >\n\t\t\t\t\t\t\tMa\u00eetre Ana\u00efs MEGNINT\t\t\t\t\t\t<\/span>\n\t\t\t\t\t<\/h3>\n\t\t\t\t\n\t\t\t\t\t\t\t\t\t<p class=\"elementor-icon-box-description\">\n\t\t\t\t\t\t06 XX XX XX XX <br> contact@altheis.fr\t\t\t\t\t<\/p>\n\t\t\t\t\n\t\t\t<\/div>\n\t\t\t\n\t\t<\/div>\n\t\t\t\t\t\t<\/div>\n\t\t\t\t<\/div>\n\t\t\t\t<div class=\"elementor-element elementor-element-7b1da78 elementor-widget__width-initial elementor-view-default elementor-position-block-start elementor-mobile-position-block-start elementor-widget elementor-widget-icon-box\" data-id=\"7b1da78\" data-element_type=\"widget\" data-e-type=\"widget\" data-widget_type=\"icon-box.default\">\n\t\t\t\t<div class=\"elementor-widget-container\">\n\t\t\t\t\t\t\t<div class=\"elementor-icon-box-wrapper\">\n\n\t\t\t\t\t\t<div class=\"elementor-icon-box-icon\">\n\t\t\t\t<span  class=\"elementor-icon\">\n\t\t\t\t<svg xmlns=\"http:\/\/www.w3.org\/2000\/svg\" id=\"Icons\" viewBox=\"0 0 60 60\"><path d=\"M58.266,18.524,52,14.232V3a3,3,0,0,0-3-3H11A3,3,0,0,0,8,3V14.232L1.742,18.52A3.942,3.942,0,0,0,0,21.8V56.02A3.994,3.994,0,0,0,4,60H56a3.994,3.994,0,0,0,4-3.98V21.8A3.942,3.942,0,0,0,58.266,18.524Zm-.453,38.319L35.243,39.71,58,22.041V56.02A1.947,1.947,0,0,1,57.813,56.843Zm-.674-36.666L52,24.167v-7.51ZM11,2H49a1,1,0,0,1,1,1V25.72L33.594,38.458l-.6-.455a4.97,4.97,0,0,0-5.989,0l-.6.454L10,25.72V3A1,1,0,0,1,11,2ZM2.187,56.843A1.947,1.947,0,0,1,2,56.02V22.041L24.757,39.71ZM8,16.657v7.51L2.862,20.178l0,0ZM4,58a.23.23,0,0,1-.026,0L28.215,39.6a2.96,2.96,0,0,1,3.569,0L56.026,58A.23.23,0,0,1,56,58Z\"><\/path><path d=\"M30,32a13,13,0,0,0,6.5-1.74,1,1,0,0,0-1-1.731A11,11,0,1,1,41,19v1.5a2.5,2.5,0,0,1-5,0V14a1,1,0,0,0-2,0v.54a6,6,0,1,0,.647,8.249A4.486,4.486,0,0,0,43,20.5V19A13,13,0,1,0,30,32Zm0-9a4,4,0,1,1,4-4A4,4,0,0,1,30,23Z\"><\/path><\/svg>\t\t\t\t<\/span>\n\t\t\t<\/div>\n\t\t\t\n\t\t\t\t\t\t<div class=\"elementor-icon-box-content\">\n\n\t\t\t\t\t\t\t\t\t<h3 class=\"elementor-icon-box-title\">\n\t\t\t\t\t\t<span  >\n\t\t\t\t\t\t\tMa\u00eetre Alexandra GERENTON\t\t\t\t\t\t<\/span>\n\t\t\t\t\t<\/h3>\n\t\t\t\t\n\t\t\t\t\t\t\t\t\t<p class=\"elementor-icon-box-description\">\n\t\t\t\t\t\t06 XX XX XX XX <br> contact@altheis.fr\t\t\t\t\t<\/p>\n\t\t\t\t\n\t\t\t<\/div>\n\t\t\t\n\t\t<\/div>\n\t\t\t\t\t\t<\/div>\n\t\t\t\t<\/div>\n\t\t\t\t<div class=\"elementor-element elementor-element-0c08e6b elementor-widget__width-initial elementor-view-default elementor-position-block-start elementor-mobile-position-block-start elementor-widget elementor-widget-icon-box\" data-id=\"0c08e6b\" data-element_type=\"widget\" data-e-type=\"widget\" data-widget_type=\"icon-box.default\">\n\t\t\t\t<div class=\"elementor-widget-container\">\n\t\t\t\t\t\t\t<div class=\"elementor-icon-box-wrapper\">\n\n\t\t\t\t\t\t<div class=\"elementor-icon-box-icon\">\n\t\t\t\t<span  class=\"elementor-icon\">\n\t\t\t\t<svg xmlns=\"http:\/\/www.w3.org\/2000\/svg\" xmlns:xlink=\"http:\/\/www.w3.org\/1999\/xlink\" id=\"Capa_1\" x=\"0px\" y=\"0px\" viewBox=\"0 0 442 442\" style=\"enable-background:new 0 0 442 442;\" xml:space=\"preserve\"><g>\t<path d=\"M221,0C125.114,0,47.105,78.009,47.105,173.895c0,31.402,8.103,64.738,24.083,99.081  c12.618,27.116,30.165,54.95,52.154,82.729c37.277,47.092,74.029,77.433,75.576,78.701C204.888,439.302,212.73,442,221,442  s16.112-2.698,22.083-7.595c1.546-1.269,38.298-31.609,75.575-78.701c21.989-27.778,39.536-55.612,52.154-82.729  c15.98-34.343,24.083-67.678,24.083-99.081C394.895,78.009,316.886,0,221,0z M303.229,342.972  c-35.955,45.495-72.469,75.673-72.831,75.97C228.029,420.885,224.604,422,221,422s-7.029-1.115-9.397-3.058  c-1.445-1.185-144.497-119.989-144.497-245.047C67.105,89.037,136.142,20,221,20s153.895,69.037,153.895,153.895  C374.895,238.689,335.922,301.603,303.229,342.972z\"><\/path>\t<path d=\"M221,81.438c-50.98,0-92.456,41.476-92.456,92.457c0,50.98,41.476,92.456,92.456,92.456s92.456-41.476,92.456-92.456  C313.456,122.914,271.98,81.438,221,81.438z M221,246.351c-39.953,0-72.456-32.503-72.456-72.456s32.503-72.457,72.456-72.457  s72.456,32.504,72.456,72.457S260.953,246.351,221,246.351z\"><\/path><\/g><g><\/g><g><\/g><g><\/g><g><\/g><g><\/g><g><\/g><g><\/g><g><\/g><g><\/g><g><\/g><g><\/g><g><\/g><g><\/g><g><\/g><g><\/g><\/svg>\t\t\t\t<\/span>\n\t\t\t<\/div>\n\t\t\t\n\t\t\t\t\t\t<div class=\"elementor-icon-box-content\">\n\n\t\t\t\t\t\t\t\t\t<h3 class=\"elementor-icon-box-title\">\n\t\t\t\t\t\t<span  >\n\t\t\t\t\t\t\tMa\u00eetre Victoria BANES\t\t\t\t\t\t<\/span>\n\t\t\t\t\t<\/h3>\n\t\t\t\t\n\t\t\t\t\t\t\t\t\t<p class=\"elementor-icon-box-description\">\n\t\t\t\t\t\t06 XX XX XX XX <br> contact@altheis.fr\t\t\t\t\t<\/p>\n\t\t\t\t\n\t\t\t<\/div>\n\t\t\t\n\t\t<\/div>\n\t\t\t\t\t\t<\/div>\n\t\t\t\t<\/div>\n\t\t\t\t<\/div>\n\t\t<div class=\"elementor-element elementor-element-79e094d e-con-full e-flex e-con e-child\" data-id=\"79e094d\" data-element_type=\"container\" data-e-type=\"container\" data-settings=\"{&quot;background_background&quot;:&quot;classic&quot;}\">\n\t\t\t\t<div class=\"elementor-element elementor-element-0ddbb42 elementor-widget elementor-widget-heading\" data-id=\"0ddbb42\" data-element_type=\"widget\" data-e-type=\"widget\" data-widget_type=\"heading.default\">\n\t\t\t\t<div class=\"elementor-widget-container\">\n\t\t\t\t\t<h2 class=\"elementor-heading-title elementor-size-default\">envoyez nous un message <\/h2>\t\t\t\t<\/div>\n\t\t\t\t<\/div>\n\t\t\t\t<div class=\"elementor-element elementor-element-5b6f878 elementor-button-align-stretch elementor-widget elementor-widget-form\" data-id=\"5b6f878\" data-element_type=\"widget\" data-e-type=\"widget\" data-settings=\"{&quot;button_width&quot;:&quot;60&quot;,&quot;step_next_label&quot;:&quot;Suivant&quot;,&quot;step_previous_label&quot;:&quot;Previous&quot;,&quot;step_type&quot;:&quot;number_text&quot;,&quot;step_icon_shape&quot;:&quot;circle&quot;}\" data-widget_type=\"form.default\">\n\t\t\t\t<div class=\"elementor-widget-container\">\n\t\t\t\t\t\t\t<form class=\"elementor-form\" method=\"post\" name=\"New Form\" aria-label=\"New Form\">\n\t\t\t<input type=\"hidden\" name=\"post_id\" value=\"25\"\/>\n\t\t\t<input type=\"hidden\" name=\"form_id\" value=\"5b6f878\"\/>\n\t\t\t<input type=\"hidden\" name=\"referer_title\" value=\"Contact\" \/>\n\n\t\t\t\t\t\t\t<input type=\"hidden\" name=\"queried_id\" value=\"25\"\/>\n\t\t\t\n\t\t\t<div class=\"elementor-form-fields-wrapper elementor-labels-\">\n\t\t\t\t\t\t\t\t<div class=\"elementor-field-type-text elementor-field-group elementor-column elementor-field-group-name elementor-col-100\">\n\t\t\t\t\t\t\t\t\t\t\t\t<label for=\"form-field-name\" class=\"elementor-field-label elementor-screen-only\">\n\t\t\t\t\t\t\t\tName\t\t\t\t\t\t\t<\/label>\n\t\t\t\t\t\t\t\t\t\t\t\t\t\t<input size=\"1\" type=\"text\" name=\"form_fields[name]\" id=\"form-field-name\" class=\"elementor-field elementor-size-sm  elementor-field-textual\" placeholder=\"Name\">\n\t\t\t\t\t\t\t\t\t\t\t<\/div>\n\t\t\t\t\t\t\t\t<div class=\"elementor-field-type-text elementor-field-group elementor-column elementor-field-group-field_12268a7 elementor-col-100\">\n\t\t\t\t\t\t\t\t\t\t\t\t<label for=\"form-field-field_12268a7\" class=\"elementor-field-label elementor-screen-only\">\n\t\t\t\t\t\t\t\tPr\u00e9nom\t\t\t\t\t\t\t<\/label>\n\t\t\t\t\t\t\t\t\t\t\t\t\t\t<input size=\"1\" type=\"text\" name=\"form_fields[field_12268a7]\" id=\"form-field-field_12268a7\" class=\"elementor-field elementor-size-sm  elementor-field-textual\" placeholder=\"Pr\u00e9nom\">\n\t\t\t\t\t\t\t\t\t\t\t<\/div>\n\t\t\t\t\t\t\t\t<div class=\"elementor-field-type-email elementor-field-group elementor-column elementor-field-group-email elementor-col-100 elementor-field-required\">\n\t\t\t\t\t\t\t\t\t\t\t\t<label for=\"form-field-email\" class=\"elementor-field-label elementor-screen-only\">\n\t\t\t\t\t\t\t\tEmail\t\t\t\t\t\t\t<\/label>\n\t\t\t\t\t\t\t\t\t\t\t\t\t\t<input size=\"1\" type=\"email\" name=\"form_fields[email]\" id=\"form-field-email\" class=\"elementor-field elementor-size-sm  elementor-field-textual\" placeholder=\"Email\" required=\"required\">\n\t\t\t\t\t\t\t\t\t\t\t<\/div>\n\t\t\t\t\t\t\t\t<div class=\"elementor-field-type-tel elementor-field-group elementor-column elementor-field-group-field_9d47dac elementor-col-100\">\n\t\t\t\t\t\t\t\t\t\t\t\t<label for=\"form-field-field_9d47dac\" class=\"elementor-field-label elementor-screen-only\">\n\t\t\t\t\t\t\t\tT\u00e9l\u00e9phone\t\t\t\t\t\t\t<\/label>\n\t\t\t\t\t\t\t\t<input size=\"1\" type=\"tel\" name=\"form_fields[field_9d47dac]\" id=\"form-field-field_9d47dac\" class=\"elementor-field elementor-size-sm  elementor-field-textual\" placeholder=\"T\u00e8l\u00e9phone\" pattern=\"[0-9()#&amp;+*-=.]+\" title=\"Seuls les caract\u00e8res de num\u00e9ros de t\u00e9l\u00e9phone (#, -, *, etc.) sont accept\u00e9s.\">\n\n\t\t\t\t\t\t<\/div>\n\t\t\t\t\t\t\t\t<div class=\"elementor-field-type-textarea elementor-field-group elementor-column elementor-field-group-message elementor-col-100\">\n\t\t\t\t\t\t\t\t\t\t\t\t<label for=\"form-field-message\" class=\"elementor-field-label elementor-screen-only\">\n\t\t\t\t\t\t\t\tMessage\t\t\t\t\t\t\t<\/label>\n\t\t\t\t\t\t<textarea class=\"elementor-field-textual elementor-field  elementor-size-sm\" name=\"form_fields[message]\" id=\"form-field-message\" rows=\"4\" placeholder=\"Message\"><\/textarea>\t\t\t\t<\/div>\n\t\t\t\t\t\t\t\t<div class=\"elementor-field-group elementor-column elementor-field-type-submit elementor-col-60 e-form__buttons\">\n\t\t\t\t\t<button class=\"elementor-button elementor-size-md\" type=\"submit\">\n\t\t\t\t\t\t<span class=\"elementor-button-content-wrapper\">\n\t\t\t\t\t\t\t\t\t\t\t\t\t\t\t\t\t\t\t\t\t\t<span class=\"elementor-button-text\">Send<\/span>\n\t\t\t\t\t\t\t\t\t\t\t\t\t<\/span>\n\t\t\t\t\t<\/button>\n\t\t\t\t<\/div>\n\t\t\t<\/div>\n\t\t<\/form>\n\t\t\t\t\t\t<\/div>\n\t\t\t\t<\/div>\n\t\t\t\t<\/div>\n\t\t\t\t<\/div>\n\t\t\t\t<\/div>\n\t\t","protected":false},"excerpt":{"rendered":"<p>CONTACTEZ-NOUS Ma\u00eetre Ana\u00efs MEGNINT 06 XX XX XX XX contact@altheis.fr Ma\u00eetre Alexandra GERENTON 06 XX XX XX XX contact@altheis.fr Ma\u00eetre Victoria BANES 06 XX XX XX XX contact@altheis.fr envoyez nous un message<\/p>\n","protected":false},"author":1,"featured_media":0,"parent":0,"menu_order":7,"comment_status":"closed","ping_status":"closed","template":"","meta":{"_acf_changed":false,"footnotes":""},"class_list":["post-25","page","type-page","status-publish","hentry"],"acf":[],"_links":{"self":[{"href":"https:\/\/altheis.agencecreativo.com\/index.php\/wp-json\/wp\/v2\/pages\/25","targetHints":{"allow":["GET"]}}],"collection":[{"href":"https:\/\/altheis.agencecreativo.com\/index.php\/wp-json\/wp\/v2\/pages"}],"about":[{"href":"https:\/\/altheis.agencecreativo.com\/index.php\/wp-json\/wp\/v2\/types\/page"}],"author":[{"embeddable":true,"href":"https:\/\/altheis.agencecreativo.com\/index.php\/wp-json\/wp\/v2\/users\/1"}],"replies":[{"embeddable":true,"href":"https:\/\/altheis.agencecreativo.com\/index.php\/wp-json\/wp\/v2\/comments?post=25"}],"version-history":[{"count":10,"href":"https:\/\/altheis.agencecreativo.com\/index.php\/wp-json\/wp\/v2\/pages\/25\/revisions"}],"predecessor-version":[{"id":306,"href":"https:\/\/altheis.agencecreativo.com\/index.php\/wp-json\/wp\/v2\/pages\/25\/revisions\/306"}],"wp:attachment":[{"href":"https:\/\/altheis.agencecreativo.com\/index.php\/wp-json\/wp\/v2\/media?parent=25"}],"curies":[{"name":"wp","href":"https:\/\/api.w.org\/{rel}","templated":true}]}}