{"id":19,"date":"2024-07-31T11:45:05","date_gmt":"2024-07-31T09:45:05","guid":{"rendered":"http:\/\/altheis.agencecreativo.com\/?page_id=19"},"modified":"2024-08-05T11:37:44","modified_gmt":"2024-08-05T09:37:44","slug":"actualites","status":"publish","type":"page","link":"https:\/\/altheis.agencecreativo.com\/index.php\/actualites\/","title":{"rendered":"Actualit\u00e9s"},"content":{"rendered":"\t\t<div data-elementor-type=\"wp-page\" data-elementor-id=\"19\" class=\"elementor elementor-19\" data-elementor-post-type=\"page\">\n\t\t\t\t<div class=\"elementor-element elementor-element-4986dc1 e-con-full e-flex e-con e-parent\" data-id=\"4986dc1\" data-element_type=\"container\" data-e-type=\"container\" data-settings=\"{&quot;background_background&quot;:&quot;classic&quot;}\">\n\t\t\t\t<div class=\"elementor-element elementor-element-abd1e2a elementor-widget elementor-widget-heading\" data-id=\"abd1e2a\" data-element_type=\"widget\" data-e-type=\"widget\" data-widget_type=\"heading.default\">\n\t\t\t\t<div class=\"elementor-widget-container\">\n\t\t\t\t\t<h2 class=\"elementor-heading-title elementor-size-default\">Tenez vous inform\u00e9<\/h2>\t\t\t\t<\/div>\n\t\t\t\t<\/div>\n\t\t\t\t<\/div>\n\t\t<div class=\"elementor-element elementor-element-108f171 e-con-full e-flex e-con e-parent\" data-id=\"108f171\" data-element_type=\"container\" data-e-type=\"container\">\n\t\t\t\t<div class=\"elementor-element elementor-element-f739346 elementor-grid-3 elementor-grid-tablet-2 elementor-grid-mobile-1 elementor-posts--thumbnail-top elementor-widget elementor-widget-posts\" data-id=\"f739346\" data-element_type=\"widget\" data-e-type=\"widget\" data-settings=\"{&quot;classic_columns&quot;:&quot;3&quot;,&quot;classic_columns_tablet&quot;:&quot;2&quot;,&quot;classic_columns_mobile&quot;:&quot;1&quot;,&quot;classic_row_gap&quot;:{&quot;unit&quot;:&quot;px&quot;,&quot;size&quot;:35,&quot;sizes&quot;:[]},&quot;classic_row_gap_tablet&quot;:{&quot;unit&quot;:&quot;px&quot;,&quot;size&quot;:&quot;&quot;,&quot;sizes&quot;:[]},&quot;classic_row_gap_mobile&quot;:{&quot;unit&quot;:&quot;px&quot;,&quot;size&quot;:&quot;&quot;,&quot;sizes&quot;:[]}}\" data-widget_type=\"posts.classic\">\n\t\t\t\t<div class=\"elementor-widget-container\">\n\t\t\t\t\t\t\t<div class=\"elementor-posts-container elementor-posts elementor-posts--skin-classic elementor-grid\" role=\"list\">\n\t\t\t\t<article class=\"elementor-post elementor-grid-item post-100 post type-post status-publish format-standard has-post-thumbnail hentry category-non-classe\" role=\"listitem\">\n\t\t\t\t<a class=\"elementor-post__thumbnail__link\" href=\"https:\/\/altheis.agencecreativo.com\/index.php\/2024\/08\/01\/protection-sociale-et-securite-sociale-comprendre-les-changements-cles-de-2024\/\" tabindex=\"-1\" >\n\t\t\t<div class=\"elementor-post__thumbnail\"><img decoding=\"async\" src=\"https:\/\/altheis.agencecreativo.com\/wp-content\/uploads\/2024\/08\/top-view-green-card-application.jpg\" class=\"attachment-full size-full wp-image-110\" alt=\"\" \/><\/div>\n\t\t<\/a>\n\t\t\t\t<div class=\"elementor-post__text\">\n\t\t\t\t<h3 class=\"elementor-post__title\">\n\t\t\t<a href=\"https:\/\/altheis.agencecreativo.com\/index.php\/2024\/08\/01\/protection-sociale-et-securite-sociale-comprendre-les-changements-cles-de-2024\/\" >\n\t\t\t\tProtection Sociale et S\u00e9curit\u00e9 Sociale : Comprendre les Changements Cl\u00e9s de 2024\t\t\t<\/a>\n\t\t<\/h3>\n\t\t\t\t<div class=\"elementor-post__excerpt\">\n\t\t\t<p>Les r\u00e9centes modifications des r\u00e9gimes de protection sociale et de s\u00e9curit\u00e9 sociale ont un impact direct sur les prestations et les cotisations. Voici ce que vous devez savoir pour rester inform\u00e9 et prot\u00e9ger vos droits.<\/p>\n\t\t<\/div>\n\t\t\t\t\t<div class=\"elementor-post__read-more-wrapper\">\n\t\t\n\t\t<a class=\"elementor-post__read-more\" href=\"https:\/\/altheis.agencecreativo.com\/index.php\/2024\/08\/01\/protection-sociale-et-securite-sociale-comprendre-les-changements-cles-de-2024\/\" aria-label=\"En savoir plus sur Protection Sociale et S\u00e9curit\u00e9 Sociale : Comprendre les Changements Cl\u00e9s de 2024\" tabindex=\"-1\" >\n\t\t\tLire l'article\t\t<\/a>\n\n\t\t\t\t\t<\/div>\n\t\t\t\t<\/div>\n\t\t\t\t<\/article>\n\t\t\t\t<article class=\"elementor-post elementor-grid-item post-97 post type-post status-publish format-standard has-post-thumbnail hentry category-non-classe\" role=\"listitem\">\n\t\t\t\t<a class=\"elementor-post__thumbnail__link\" href=\"https:\/\/altheis.agencecreativo.com\/index.php\/2024\/08\/01\/reforme-des-pensions-alimentaires-ce-que-cela-signifie-pour-votre-famille\/\" tabindex=\"-1\" >\n\t\t\t<div class=\"elementor-post__thumbnail\"><img fetchpriority=\"high\" decoding=\"async\" width=\"2560\" height=\"1707\" src=\"https:\/\/altheis.agencecreativo.com\/wp-content\/uploads\/2024\/08\/physician-consulting-his-patient-clinic-scaled.jpg\" class=\"attachment-full size-full wp-image-106\" alt=\"\" srcset=\"https:\/\/altheis.agencecreativo.com\/wp-content\/uploads\/2024\/08\/physician-consulting-his-patient-clinic-scaled.jpg 2560w, https:\/\/altheis.agencecreativo.com\/wp-content\/uploads\/2024\/08\/physician-consulting-his-patient-clinic-300x200.jpg 300w, https:\/\/altheis.agencecreativo.com\/wp-content\/uploads\/2024\/08\/physician-consulting-his-patient-clinic-1024x683.jpg 1024w, https:\/\/altheis.agencecreativo.com\/wp-content\/uploads\/2024\/08\/physician-consulting-his-patient-clinic-768x512.jpg 768w, https:\/\/altheis.agencecreativo.com\/wp-content\/uploads\/2024\/08\/physician-consulting-his-patient-clinic-1536x1024.jpg 1536w, https:\/\/altheis.agencecreativo.com\/wp-content\/uploads\/2024\/08\/physician-consulting-his-patient-clinic-2048x1365.jpg 2048w\" sizes=\"(max-width: 2560px) 100vw, 2560px\" \/><\/div>\n\t\t<\/a>\n\t\t\t\t<div class=\"elementor-post__text\">\n\t\t\t\t<h3 class=\"elementor-post__title\">\n\t\t\t<a href=\"https:\/\/altheis.agencecreativo.com\/index.php\/2024\/08\/01\/reforme-des-pensions-alimentaires-ce-que-cela-signifie-pour-votre-famille\/\" >\n\t\t\t\tR\u00e9forme des Pensions Alimentaires : Ce que Cela Signifie pour Votre Famille\t\t\t<\/a>\n\t\t<\/h3>\n\t\t\t\t<div class=\"elementor-post__excerpt\">\n\t\t\t<p>La r\u00e9cente r\u00e9forme des pensions alimentaires a boulevers\u00e9 les r\u00e8gles du jeu pour de nombreuses familles. Apprenez ce que ces changements signifient pour vous et comment prot\u00e9ger vos droits.<\/p>\n\t\t<\/div>\n\t\t\t\t\t<div class=\"elementor-post__read-more-wrapper\">\n\t\t\n\t\t<a class=\"elementor-post__read-more\" href=\"https:\/\/altheis.agencecreativo.com\/index.php\/2024\/08\/01\/reforme-des-pensions-alimentaires-ce-que-cela-signifie-pour-votre-famille\/\" aria-label=\"En savoir plus sur R\u00e9forme des Pensions Alimentaires : Ce que Cela Signifie pour Votre Famille\" tabindex=\"-1\" >\n\t\t\tLire l'article\t\t<\/a>\n\n\t\t\t\t\t<\/div>\n\t\t\t\t<\/div>\n\t\t\t\t<\/article>\n\t\t\t\t<article class=\"elementor-post elementor-grid-item post-1 post type-post status-publish format-standard has-post-thumbnail hentry category-non-classe\" role=\"listitem\">\n\t\t\t\t<a class=\"elementor-post__thumbnail__link\" href=\"https:\/\/altheis.agencecreativo.com\/index.php\/2024\/07\/22\/bonjour-tout-le-monde\/\" tabindex=\"-1\" >\n\t\t\t<div class=\"elementor-post__thumbnail\"><img decoding=\"async\" width=\"2560\" height=\"1707\" src=\"https:\/\/altheis.agencecreativo.com\/wp-content\/uploads\/2024\/07\/marketing-team-having-unexpected-problem-looking-laptop-meeting-scaled.jpg\" class=\"attachment-full size-full wp-image-94\" alt=\"\" srcset=\"https:\/\/altheis.agencecreativo.com\/wp-content\/uploads\/2024\/07\/marketing-team-having-unexpected-problem-looking-laptop-meeting-scaled.jpg 2560w, https:\/\/altheis.agencecreativo.com\/wp-content\/uploads\/2024\/07\/marketing-team-having-unexpected-problem-looking-laptop-meeting-300x200.jpg 300w, https:\/\/altheis.agencecreativo.com\/wp-content\/uploads\/2024\/07\/marketing-team-having-unexpected-problem-looking-laptop-meeting-1024x683.jpg 1024w, https:\/\/altheis.agencecreativo.com\/wp-content\/uploads\/2024\/07\/marketing-team-having-unexpected-problem-looking-laptop-meeting-768x512.jpg 768w, https:\/\/altheis.agencecreativo.com\/wp-content\/uploads\/2024\/07\/marketing-team-having-unexpected-problem-looking-laptop-meeting-1536x1024.jpg 1536w\" sizes=\"(max-width: 2560px) 100vw, 2560px\" \/><\/div>\n\t\t<\/a>\n\t\t\t\t<div class=\"elementor-post__text\">\n\t\t\t\t<h3 class=\"elementor-post__title\">\n\t\t\t<a href=\"https:\/\/altheis.agencecreativo.com\/index.php\/2024\/07\/22\/bonjour-tout-le-monde\/\" >\n\t\t\t\tLes Nouveaut\u00e9s du Droit du Travail en 2024 : Ce que Vous Devez Savoir\t\t\t<\/a>\n\t\t<\/h3>\n\t\t\t\t<div class=\"elementor-post__excerpt\">\n\t\t\t<p>Les r\u00e9centes r\u00e9formes du droit du travail apportent des changements significatifs pour les employeurs et les employ\u00e9s. D\u00e9couvrez ce qui a chang\u00e9 et comment vous pr\u00e9parer aux nouvelles r\u00e9glementations.<\/p>\n\t\t<\/div>\n\t\t\t\t\t<div class=\"elementor-post__read-more-wrapper\">\n\t\t\n\t\t<a class=\"elementor-post__read-more\" href=\"https:\/\/altheis.agencecreativo.com\/index.php\/2024\/07\/22\/bonjour-tout-le-monde\/\" aria-label=\"En savoir plus sur Les Nouveaut\u00e9s du Droit du Travail en 2024 : Ce que Vous Devez Savoir\" tabindex=\"-1\" >\n\t\t\tLire l'article\t\t<\/a>\n\n\t\t\t\t\t<\/div>\n\t\t\t\t<\/div>\n\t\t\t\t<\/article>\n\t\t\t\t<\/div>\n\t\t\n\t\t\t\t\t\t<\/div>\n\t\t\t\t<\/div>\n\t\t\t\t<\/div>\n\t\t\t\t<\/div>\n\t\t","protected":false},"excerpt":{"rendered":"<p>Tenez vous inform\u00e9<\/p>\n","protected":false},"author":1,"featured_media":0,"parent":0,"menu_order":4,"comment_status":"closed","ping_status":"closed","template":"","meta":{"_acf_changed":false,"footnotes":""},"class_list":["post-19","page","type-page","status-publish","hentry"],"acf":[],"_links":{"self":[{"href":"https:\/\/altheis.agencecreativo.com\/index.php\/wp-json\/wp\/v2\/pages\/19","targetHints":{"allow":["GET"]}}],"collection":[{"href":"https:\/\/altheis.agencecreativo.com\/index.php\/wp-json\/wp\/v2\/pages"}],"about":[{"href":"https:\/\/altheis.agencecreativo.com\/index.php\/wp-json\/wp\/v2\/types\/page"}],"author":[{"embeddable":true,"href":"https:\/\/altheis.agencecreativo.com\/index.php\/wp-json\/wp\/v2\/users\/1"}],"replies":[{"embeddable":true,"href":"https:\/\/altheis.agencecreativo.com\/index.php\/wp-json\/wp\/v2\/comments?post=19"}],"version-history":[{"count":25,"href":"https:\/\/altheis.agencecreativo.com\/index.php\/wp-json\/wp\/v2\/pages\/19\/revisions"}],"predecessor-version":[{"id":260,"href":"https:\/\/altheis.agencecreativo.com\/index.php\/wp-json\/wp\/v2\/pages\/19\/revisions\/260"}],"wp:attachment":[{"href":"https:\/\/altheis.agencecreativo.com\/index.php\/wp-json\/wp\/v2\/media?parent=19"}],"curies":[{"name":"wp","href":"https:\/\/api.w.org\/{rel}","templated":true}]}}