{"id":15,"date":"2024-07-31T11:43:39","date_gmt":"2024-07-31T09:43:39","guid":{"rendered":"http:\/\/altheis.agencecreativo.com\/?page_id=15"},"modified":"2024-08-05T13:28:54","modified_gmt":"2024-08-05T11:28:54","slug":"les-avocats","status":"publish","type":"page","link":"https:\/\/altheis.agencecreativo.com\/index.php\/les-avocats\/","title":{"rendered":"Les Avocats"},"content":{"rendered":"\t\t<div data-elementor-type=\"wp-page\" data-elementor-id=\"15\" class=\"elementor elementor-15\" data-elementor-post-type=\"page\">\n\t\t\t\t<div class=\"elementor-element elementor-element-ba61828 e-con-full e-flex e-con e-parent\" data-id=\"ba61828\" data-element_type=\"container\" data-e-type=\"container\" data-settings=\"{&quot;background_background&quot;:&quot;classic&quot;}\">\n\t\t\t\t<div class=\"elementor-element elementor-element-b8ff96d elementor-widget elementor-widget-heading\" data-id=\"b8ff96d\" data-element_type=\"widget\" data-e-type=\"widget\" data-widget_type=\"heading.default\">\n\t\t\t\t<div class=\"elementor-widget-container\">\n\t\t\t\t\t<h2 class=\"elementor-heading-title elementor-size-default\">Les avocates <\/h2>\t\t\t\t<\/div>\n\t\t\t\t<\/div>\n\t\t\t\t<\/div>\n\t\t<div class=\"elementor-element elementor-element-d63a90c e-con-full e-flex e-con e-parent\" data-id=\"d63a90c\" data-element_type=\"container\" data-e-type=\"container\">\n\t\t<div class=\"elementor-element elementor-element-b118baf e-con-full e-flex e-con e-child\" data-id=\"b118baf\" data-element_type=\"container\" data-e-type=\"container\">\n\t\t\t\t<div class=\"elementor-element elementor-element-e9b630e elementor-widget elementor-widget-heading\" data-id=\"e9b630e\" data-element_type=\"widget\" data-e-type=\"widget\" data-widget_type=\"heading.default\">\n\t\t\t\t<div class=\"elementor-widget-container\">\n\t\t\t\t\t<h2 class=\"elementor-heading-title elementor-size-default\">Ma\u00eetre Alexandra GERENTON<\/h2>\t\t\t\t<\/div>\n\t\t\t\t<\/div>\n\t\t\t\t<div class=\"elementor-element elementor-element-0264f9f elementor-widget elementor-widget-text-editor\" data-id=\"0264f9f\" data-element_type=\"widget\" data-e-type=\"widget\" data-widget_type=\"text-editor.default\">\n\t\t\t\t<div class=\"elementor-widget-container\">\n\t\t\t\t\t\t\t\t\t<p>Ma\u00eetre Alexandra GERENTON met son\u00a0<strong>exp\u00e9rience et ses comp\u00e9tences<\/strong>\u00a0au service des particuliers et des professionnels en Droit du Travail et Droit de la S\u00e9curit\u00e9 Sociale et de la Protection Sociale afin de d\u00e9fendre au mieux leurs int\u00e9r\u00eats.<\/p><p>Privil\u00e9giant la\u00a0<strong>disponibilit\u00e9 et la r\u00e9activit\u00e9<\/strong>, Ma\u00eetre Alexandra GERENTON apporte un accompagnement adapt\u00e9, son analyse et son expertise juridique, afin de conseiller dans la mise en place d\u2019une strat\u00e9gie optimale en phase amiable (anticipation des conflits \u2013 n\u00e9gociation) et\/ou contentieuse.<\/p><p>Ma\u00eetre Alexandra GERENTON assure un\u00a0<strong>suivi personnalis\u00e9<\/strong>\u00a0de votre affaire, du premier rendez-vous \u00e0 la plaidoirie, avec\u00a0<strong>rigueur et t\u00e9nacit\u00e9<\/strong>.<\/p>\t\t\t\t\t\t\t\t<\/div>\n\t\t\t\t<\/div>\n\t\t\t\t<div class=\"elementor-element elementor-element-037b8e1 elementor-widget elementor-widget-accordion\" data-id=\"037b8e1\" data-element_type=\"widget\" data-e-type=\"widget\" data-widget_type=\"accordion.default\">\n\t\t\t\t<div class=\"elementor-widget-container\">\n\t\t\t\t\t\t\t<div class=\"elementor-accordion\">\n\t\t\t\t\t\t\t<div class=\"elementor-accordion-item\">\n\t\t\t\t\t<div id=\"elementor-tab-title-3651\" class=\"elementor-tab-title\" data-tab=\"1\" role=\"button\" aria-controls=\"elementor-tab-content-3651\" aria-expanded=\"false\">\n\t\t\t\t\t\t\t\t\t\t\t\t\t<span class=\"elementor-accordion-icon elementor-accordion-icon-left\" aria-hidden=\"true\">\n\t\t\t\t\t\t\t\t\t\t\t\t\t\t\t<span class=\"elementor-accordion-icon-closed\"><svg xmlns=\"http:\/\/www.w3.org\/2000\/svg\" xmlns:xlink=\"http:\/\/www.w3.org\/1999\/xlink\" id=\"Capa_1\" x=\"0px\" y=\"0px\" viewBox=\"0 0 511.982 511.982\" style=\"enable-background:new 0 0 511.982 511.982;\" xml:space=\"preserve\"><path d=\"M134.098,511.982c-3.121,0-6.242-1.195-8.631-3.56c-4.754-4.754-4.754-12.483,0-17.237l235.179-235.179L125.467,20.803 c-4.754-4.754-4.754-12.483,0-17.237c4.754-4.754,12.483-4.754,17.237,0l243.81,243.81c4.754,4.754,4.754,12.483,0,17.237 l-243.81,243.81C140.34,510.787,137.219,511.982,134.098,511.982z\"><\/path><g><\/g><g><\/g><g><\/g><g><\/g><g><\/g><g><\/g><g><\/g><g><\/g><g><\/g><g><\/g><g><\/g><g><\/g><g><\/g><g><\/g><g><\/g><\/svg><\/span>\n\t\t\t\t\t\t\t\t<span class=\"elementor-accordion-icon-opened\"><svg xmlns=\"http:\/\/www.w3.org\/2000\/svg\" xmlns:xlink=\"http:\/\/www.w3.org\/1999\/xlink\" id=\"Capa_1\" x=\"0px\" y=\"0px\" viewBox=\"0 0 511.963 511.963\" style=\"enable-background:new 0 0 511.963 511.963;\" xml:space=\"preserve\"><path d=\"M256.006,390.068c-3.121,0-6.242-1.195-8.631-3.56L3.566,142.699c-4.754-4.754-4.754-12.483,0-17.237 c4.754-4.754,12.483-4.754,17.237,0L255.982,360.64L491.16,125.461c4.754-4.754,12.483-4.754,17.237,0 c4.754,4.754,4.754,12.483,0,17.237l-243.81,243.81C262.248,388.873,259.127,390.068,256.006,390.068z\"><\/path><g><\/g><g><\/g><g><\/g><g><\/g><g><\/g><g><\/g><g><\/g><g><\/g><g><\/g><g><\/g><g><\/g><g><\/g><g><\/g><g><\/g><g><\/g><\/svg><\/span>\n\t\t\t\t\t\t\t\t\t\t\t\t\t\t<\/span>\n\t\t\t\t\t\t\t\t\t\t\t\t<a class=\"elementor-accordion-title\" tabindex=\"0\">Dipl\u00f4mes <\/a>\n\t\t\t\t\t<\/div>\n\t\t\t\t\t<div id=\"elementor-tab-content-3651\" class=\"elementor-tab-content elementor-clearfix\" data-tab=\"1\" role=\"region\" aria-labelledby=\"elementor-tab-title-3651\"><p>Dipl\u00f4m\u00e9e du Master 2 professionnel Droit et Pratique des Relations de Travail \u00e0 la Facult\u00e9 de Droit de MONTPELLIER<\/p><p><br \/>Avocate depuis sa prestation de serment en 2009<\/p><p><br \/>Sp\u00e9cialiste en Droit du Travail depuis 2015,<\/p><\/div>\n\t\t\t\t<\/div>\n\t\t\t\t\t\t\t\t<\/div>\n\t\t\t\t\t\t<\/div>\n\t\t\t\t<\/div>\n\t\t<div class=\"elementor-element elementor-element-9c68ed4 e-con-full e-flex e-con e-child\" data-id=\"9c68ed4\" data-element_type=\"container\" data-e-type=\"container\">\n\t\t\t\t<div class=\"elementor-element elementor-element-5535ec1 elementor-align-left elementor-widget elementor-widget-button\" data-id=\"5535ec1\" data-element_type=\"widget\" data-e-type=\"widget\" data-widget_type=\"button.default\">\n\t\t\t\t<div class=\"elementor-widget-container\">\n\t\t\t\t\t\t\t\t\t<div class=\"elementor-button-wrapper\">\n\t\t\t\t\t<a class=\"elementor-button elementor-button-link elementor-size-sm\" href=\"#\">\n\t\t\t\t\t\t<span class=\"elementor-button-content-wrapper\">\n\t\t\t\t\t\t\t\t\t<span class=\"elementor-button-text\">06 XX XX XX XX<\/span>\n\t\t\t\t\t<\/span>\n\t\t\t\t\t<\/a>\n\t\t\t\t<\/div>\n\t\t\t\t\t\t\t\t<\/div>\n\t\t\t\t<\/div>\n\t\t\t\t<div class=\"elementor-element elementor-element-5e3b6e5 elementor-align-left elementor-widget elementor-widget-button\" data-id=\"5e3b6e5\" data-element_type=\"widget\" data-e-type=\"widget\" data-widget_type=\"button.default\">\n\t\t\t\t<div class=\"elementor-widget-container\">\n\t\t\t\t\t\t\t\t\t<div class=\"elementor-button-wrapper\">\n\t\t\t\t\t<a class=\"elementor-button elementor-button-link elementor-size-sm\" href=\"#\">\n\t\t\t\t\t\t<span class=\"elementor-button-content-wrapper\">\n\t\t\t\t\t\t\t\t\t<span class=\"elementor-button-text\">email<\/span>\n\t\t\t\t\t<\/span>\n\t\t\t\t\t<\/a>\n\t\t\t\t<\/div>\n\t\t\t\t\t\t\t\t<\/div>\n\t\t\t\t<\/div>\n\t\t\t\t<\/div>\n\t\t\t\t<\/div>\n\t\t<div class=\"elementor-element elementor-element-62c42a0 e-con-full e-flex e-con e-child\" data-id=\"62c42a0\" data-element_type=\"container\" data-e-type=\"container\" data-settings=\"{&quot;background_background&quot;:&quot;classic&quot;}\">\n\t\t\t\t<\/div>\n\t\t\t\t<\/div>\n\t\t<div class=\"elementor-element elementor-element-412eef1 e-con-full e-flex e-con e-parent\" data-id=\"412eef1\" data-element_type=\"container\" data-e-type=\"container\">\n\t\t<div class=\"elementor-element elementor-element-2f57591 e-con-full e-flex e-con e-child\" data-id=\"2f57591\" data-element_type=\"container\" data-e-type=\"container\" data-settings=\"{&quot;background_background&quot;:&quot;classic&quot;}\">\n\t\t\t\t<\/div>\n\t\t<div class=\"elementor-element elementor-element-8b66f5d e-con-full e-flex e-con e-child\" data-id=\"8b66f5d\" data-element_type=\"container\" data-e-type=\"container\" data-settings=\"{&quot;background_background&quot;:&quot;classic&quot;}\">\n\t\t\t\t<div class=\"elementor-element elementor-element-030fd19 elementor-widget elementor-widget-heading\" data-id=\"030fd19\" data-element_type=\"widget\" data-e-type=\"widget\" data-widget_type=\"heading.default\">\n\t\t\t\t<div class=\"elementor-widget-container\">\n\t\t\t\t\t<h2 class=\"elementor-heading-title elementor-size-default\">Ma\u00eetre Ana\u00efs MEGNINT\n\n<\/h2>\t\t\t\t<\/div>\n\t\t\t\t<\/div>\n\t\t\t\t<div class=\"elementor-element elementor-element-ca2d4e8 elementor-widget elementor-widget-text-editor\" data-id=\"ca2d4e8\" data-element_type=\"widget\" data-e-type=\"widget\" data-widget_type=\"text-editor.default\">\n\t\t\t\t<div class=\"elementor-widget-container\">\n\t\t\t\t\t\t\t\t\t<p>Lorem ipsum dolor sit amet. Et architecto Quis est quod illum est laudantium perferendis quo omnis ipsum ex rerum repellendus. Ut veniam iure et quos tempora et similique autem qui nostrum tempore. Qui voluptate placeat eum molestiae explicabo est consequuntur voluptas. Vel voluptas voluptates ut fuga animi qui nihil ullam.<\/p><p>Vel impedit quam ut veritatis eius hic enim quasi ut vitae amet et expedita tempore. Ut ratione galisum ut veniam voluptatum quo officia voluptatem ut optio fuga sit nihil autem. Non repellendus magnam ut excepturi consequuntur est sint autem non cupiditate distinctio.<\/p>\t\t\t\t\t\t\t\t<\/div>\n\t\t\t\t<\/div>\n\t\t\t\t<div class=\"elementor-element elementor-element-11d87fb elementor-widget elementor-widget-accordion\" data-id=\"11d87fb\" data-element_type=\"widget\" data-e-type=\"widget\" data-widget_type=\"accordion.default\">\n\t\t\t\t<div class=\"elementor-widget-container\">\n\t\t\t\t\t\t\t<div class=\"elementor-accordion\">\n\t\t\t\t\t\t\t<div class=\"elementor-accordion-item\">\n\t\t\t\t\t<div id=\"elementor-tab-title-1871\" class=\"elementor-tab-title\" data-tab=\"1\" role=\"button\" aria-controls=\"elementor-tab-content-1871\" aria-expanded=\"false\">\n\t\t\t\t\t\t\t\t\t\t\t\t\t<span class=\"elementor-accordion-icon elementor-accordion-icon-left\" aria-hidden=\"true\">\n\t\t\t\t\t\t\t\t\t\t\t\t\t\t\t<span class=\"elementor-accordion-icon-closed\"><svg xmlns=\"http:\/\/www.w3.org\/2000\/svg\" xmlns:xlink=\"http:\/\/www.w3.org\/1999\/xlink\" id=\"Capa_1\" x=\"0px\" y=\"0px\" viewBox=\"0 0 511.982 511.982\" style=\"enable-background:new 0 0 511.982 511.982;\" xml:space=\"preserve\"><path d=\"M134.098,511.982c-3.121,0-6.242-1.195-8.631-3.56c-4.754-4.754-4.754-12.483,0-17.237l235.179-235.179L125.467,20.803 c-4.754-4.754-4.754-12.483,0-17.237c4.754-4.754,12.483-4.754,17.237,0l243.81,243.81c4.754,4.754,4.754,12.483,0,17.237 l-243.81,243.81C140.34,510.787,137.219,511.982,134.098,511.982z\"><\/path><g><\/g><g><\/g><g><\/g><g><\/g><g><\/g><g><\/g><g><\/g><g><\/g><g><\/g><g><\/g><g><\/g><g><\/g><g><\/g><g><\/g><g><\/g><\/svg><\/span>\n\t\t\t\t\t\t\t\t<span class=\"elementor-accordion-icon-opened\"><svg xmlns=\"http:\/\/www.w3.org\/2000\/svg\" xmlns:xlink=\"http:\/\/www.w3.org\/1999\/xlink\" id=\"Capa_1\" x=\"0px\" y=\"0px\" viewBox=\"0 0 511.963 511.963\" style=\"enable-background:new 0 0 511.963 511.963;\" xml:space=\"preserve\"><path d=\"M256.006,390.068c-3.121,0-6.242-1.195-8.631-3.56L3.566,142.699c-4.754-4.754-4.754-12.483,0-17.237 c4.754-4.754,12.483-4.754,17.237,0L255.982,360.64L491.16,125.461c4.754-4.754,12.483-4.754,17.237,0 c4.754,4.754,4.754,12.483,0,17.237l-243.81,243.81C262.248,388.873,259.127,390.068,256.006,390.068z\"><\/path><g><\/g><g><\/g><g><\/g><g><\/g><g><\/g><g><\/g><g><\/g><g><\/g><g><\/g><g><\/g><g><\/g><g><\/g><g><\/g><g><\/g><g><\/g><\/svg><\/span>\n\t\t\t\t\t\t\t\t\t\t\t\t\t\t<\/span>\n\t\t\t\t\t\t\t\t\t\t\t\t<a class=\"elementor-accordion-title\" tabindex=\"0\">Dipl\u00f4mes <\/a>\n\t\t\t\t\t<\/div>\n\t\t\t\t\t<div id=\"elementor-tab-content-1871\" class=\"elementor-tab-content elementor-clearfix\" data-tab=\"1\" role=\"region\" aria-labelledby=\"elementor-tab-title-1871\"><p>Lorem ipsum dolor sit amet. Sit voluptas praesentium qui corrupti nostrum et quod alias ex incidunt quos? Ut accusamus dicta aut distinctio minima 33 dignissimos voluptatum hic odit soluta.<\/p><\/div>\n\t\t\t\t<\/div>\n\t\t\t\t\t\t\t\t<\/div>\n\t\t\t\t\t\t<\/div>\n\t\t\t\t<\/div>\n\t\t<div class=\"elementor-element elementor-element-49bb0b2 e-con-full e-flex e-con e-child\" data-id=\"49bb0b2\" data-element_type=\"container\" data-e-type=\"container\">\n\t\t\t\t<div class=\"elementor-element elementor-element-9186479 elementor-align-left elementor-widget elementor-widget-button\" data-id=\"9186479\" data-element_type=\"widget\" data-e-type=\"widget\" data-widget_type=\"button.default\">\n\t\t\t\t<div class=\"elementor-widget-container\">\n\t\t\t\t\t\t\t\t\t<div class=\"elementor-button-wrapper\">\n\t\t\t\t\t<a class=\"elementor-button elementor-button-link elementor-size-sm\" href=\"#\">\n\t\t\t\t\t\t<span class=\"elementor-button-content-wrapper\">\n\t\t\t\t\t\t\t\t\t<span class=\"elementor-button-text\">06 XX XX XX XX<\/span>\n\t\t\t\t\t<\/span>\n\t\t\t\t\t<\/a>\n\t\t\t\t<\/div>\n\t\t\t\t\t\t\t\t<\/div>\n\t\t\t\t<\/div>\n\t\t\t\t<div class=\"elementor-element elementor-element-361683d elementor-align-left elementor-widget elementor-widget-button\" data-id=\"361683d\" data-element_type=\"widget\" data-e-type=\"widget\" data-widget_type=\"button.default\">\n\t\t\t\t<div class=\"elementor-widget-container\">\n\t\t\t\t\t\t\t\t\t<div class=\"elementor-button-wrapper\">\n\t\t\t\t\t<a class=\"elementor-button elementor-button-link elementor-size-sm\" href=\"#\">\n\t\t\t\t\t\t<span class=\"elementor-button-content-wrapper\">\n\t\t\t\t\t\t\t\t\t<span class=\"elementor-button-text\">email<\/span>\n\t\t\t\t\t<\/span>\n\t\t\t\t\t<\/a>\n\t\t\t\t<\/div>\n\t\t\t\t\t\t\t\t<\/div>\n\t\t\t\t<\/div>\n\t\t\t\t<\/div>\n\t\t\t\t<\/div>\n\t\t\t\t<\/div>\n\t\t<div class=\"elementor-element elementor-element-1d74965 e-con-full e-flex e-con e-parent\" data-id=\"1d74965\" data-element_type=\"container\" data-e-type=\"container\">\n\t\t<div class=\"elementor-element elementor-element-35a1ab7 e-con-full e-flex e-con e-child\" data-id=\"35a1ab7\" data-element_type=\"container\" data-e-type=\"container\" data-settings=\"{&quot;background_background&quot;:&quot;classic&quot;}\">\n\t\t\t\t<div class=\"elementor-element elementor-element-7cd912a elementor-widget elementor-widget-heading\" data-id=\"7cd912a\" data-element_type=\"widget\" data-e-type=\"widget\" data-widget_type=\"heading.default\">\n\t\t\t\t<div class=\"elementor-widget-container\">\n\t\t\t\t\t<h2 class=\"elementor-heading-title elementor-size-default\">Ma\u00eetre Alexandra GERENTON<\/h2>\t\t\t\t<\/div>\n\t\t\t\t<\/div>\n\t\t\t\t<div class=\"elementor-element elementor-element-5190843 elementor-widget elementor-widget-text-editor\" data-id=\"5190843\" data-element_type=\"widget\" data-e-type=\"widget\" data-widget_type=\"text-editor.default\">\n\t\t\t\t<div class=\"elementor-widget-container\">\n\t\t\t\t\t\t\t\t\t<p>Ma\u00eetre Alexandra GERENTON met son\u00a0<strong>exp\u00e9rience et ses comp\u00e9tences<\/strong>\u00a0au service des particuliers et des professionnels en Droit du Travail et Droit de la S\u00e9curit\u00e9 Sociale et de la Protection Sociale afin de d\u00e9fendre au mieux leurs int\u00e9r\u00eats.<\/p><p>Privil\u00e9giant la\u00a0<strong>disponibilit\u00e9 et la r\u00e9activit\u00e9<\/strong>, Ma\u00eetre Alexandra GERENTON apporte un accompagnement adapt\u00e9, son analyse et son expertise juridique, afin de conseiller dans la mise en place d\u2019une strat\u00e9gie optimale en phase amiable (anticipation des conflits \u2013 n\u00e9gociation) et\/ou contentieuse.<\/p><p>Ma\u00eetre Alexandra GERENTON assure un\u00a0<strong>suivi personnalis\u00e9<\/strong>\u00a0de votre affaire, du premier rendez-vous \u00e0 la plaidoirie, avec\u00a0<strong>rigueur et t\u00e9nacit\u00e9<\/strong>.<\/p>\t\t\t\t\t\t\t\t<\/div>\n\t\t\t\t<\/div>\n\t\t\t\t<div class=\"elementor-element elementor-element-00a6b85 elementor-widget elementor-widget-accordion\" data-id=\"00a6b85\" data-element_type=\"widget\" data-e-type=\"widget\" data-widget_type=\"accordion.default\">\n\t\t\t\t<div class=\"elementor-widget-container\">\n\t\t\t\t\t\t\t<div class=\"elementor-accordion\">\n\t\t\t\t\t\t\t<div class=\"elementor-accordion-item\">\n\t\t\t\t\t<div id=\"elementor-tab-title-6821\" class=\"elementor-tab-title\" data-tab=\"1\" role=\"button\" aria-controls=\"elementor-tab-content-6821\" aria-expanded=\"false\">\n\t\t\t\t\t\t\t\t\t\t\t\t\t<span class=\"elementor-accordion-icon elementor-accordion-icon-left\" aria-hidden=\"true\">\n\t\t\t\t\t\t\t\t\t\t\t\t\t\t\t<span class=\"elementor-accordion-icon-closed\"><svg xmlns=\"http:\/\/www.w3.org\/2000\/svg\" xmlns:xlink=\"http:\/\/www.w3.org\/1999\/xlink\" id=\"Capa_1\" x=\"0px\" y=\"0px\" viewBox=\"0 0 511.982 511.982\" style=\"enable-background:new 0 0 511.982 511.982;\" xml:space=\"preserve\"><path d=\"M134.098,511.982c-3.121,0-6.242-1.195-8.631-3.56c-4.754-4.754-4.754-12.483,0-17.237l235.179-235.179L125.467,20.803 c-4.754-4.754-4.754-12.483,0-17.237c4.754-4.754,12.483-4.754,17.237,0l243.81,243.81c4.754,4.754,4.754,12.483,0,17.237 l-243.81,243.81C140.34,510.787,137.219,511.982,134.098,511.982z\"><\/path><g><\/g><g><\/g><g><\/g><g><\/g><g><\/g><g><\/g><g><\/g><g><\/g><g><\/g><g><\/g><g><\/g><g><\/g><g><\/g><g><\/g><g><\/g><\/svg><\/span>\n\t\t\t\t\t\t\t\t<span class=\"elementor-accordion-icon-opened\"><svg xmlns=\"http:\/\/www.w3.org\/2000\/svg\" xmlns:xlink=\"http:\/\/www.w3.org\/1999\/xlink\" id=\"Capa_1\" x=\"0px\" y=\"0px\" viewBox=\"0 0 511.963 511.963\" style=\"enable-background:new 0 0 511.963 511.963;\" xml:space=\"preserve\"><path d=\"M256.006,390.068c-3.121,0-6.242-1.195-8.631-3.56L3.566,142.699c-4.754-4.754-4.754-12.483,0-17.237 c4.754-4.754,12.483-4.754,17.237,0L255.982,360.64L491.16,125.461c4.754-4.754,12.483-4.754,17.237,0 c4.754,4.754,4.754,12.483,0,17.237l-243.81,243.81C262.248,388.873,259.127,390.068,256.006,390.068z\"><\/path><g><\/g><g><\/g><g><\/g><g><\/g><g><\/g><g><\/g><g><\/g><g><\/g><g><\/g><g><\/g><g><\/g><g><\/g><g><\/g><g><\/g><g><\/g><\/svg><\/span>\n\t\t\t\t\t\t\t\t\t\t\t\t\t\t<\/span>\n\t\t\t\t\t\t\t\t\t\t\t\t<a class=\"elementor-accordion-title\" tabindex=\"0\">Dipl\u00f4mes <\/a>\n\t\t\t\t\t<\/div>\n\t\t\t\t\t<div id=\"elementor-tab-content-6821\" class=\"elementor-tab-content elementor-clearfix\" data-tab=\"1\" role=\"region\" aria-labelledby=\"elementor-tab-title-6821\"><p>Dipl\u00f4m\u00e9e du Master 2 professionnel Droit et Pratique des Relations de Travail \u00e0 la Facult\u00e9 de Droit de MONTPELLIER<\/p><p><br \/>Avocate depuis sa prestation de serment en 2009<\/p><p><br \/>Sp\u00e9cialiste en Droit du Travail depuis 2015,<\/p><\/div>\n\t\t\t\t<\/div>\n\t\t\t\t\t\t\t\t<\/div>\n\t\t\t\t\t\t<\/div>\n\t\t\t\t<\/div>\n\t\t<div class=\"elementor-element elementor-element-13f15e8 e-con-full e-flex e-con e-child\" data-id=\"13f15e8\" data-element_type=\"container\" data-e-type=\"container\">\n\t\t\t\t<div class=\"elementor-element elementor-element-6bcb6af elementor-align-left elementor-widget elementor-widget-button\" data-id=\"6bcb6af\" data-element_type=\"widget\" data-e-type=\"widget\" data-widget_type=\"button.default\">\n\t\t\t\t<div class=\"elementor-widget-container\">\n\t\t\t\t\t\t\t\t\t<div class=\"elementor-button-wrapper\">\n\t\t\t\t\t<a class=\"elementor-button elementor-button-link elementor-size-sm\" href=\"#\">\n\t\t\t\t\t\t<span class=\"elementor-button-content-wrapper\">\n\t\t\t\t\t\t\t\t\t<span class=\"elementor-button-text\">06 XX XX XX XX<\/span>\n\t\t\t\t\t<\/span>\n\t\t\t\t\t<\/a>\n\t\t\t\t<\/div>\n\t\t\t\t\t\t\t\t<\/div>\n\t\t\t\t<\/div>\n\t\t\t\t<div class=\"elementor-element elementor-element-7cc6360 elementor-align-left elementor-widget elementor-widget-button\" data-id=\"7cc6360\" data-element_type=\"widget\" data-e-type=\"widget\" data-widget_type=\"button.default\">\n\t\t\t\t<div class=\"elementor-widget-container\">\n\t\t\t\t\t\t\t\t\t<div class=\"elementor-button-wrapper\">\n\t\t\t\t\t<a class=\"elementor-button elementor-button-link elementor-size-sm\" href=\"#\">\n\t\t\t\t\t\t<span class=\"elementor-button-content-wrapper\">\n\t\t\t\t\t\t\t\t\t<span class=\"elementor-button-text\">email<\/span>\n\t\t\t\t\t<\/span>\n\t\t\t\t\t<\/a>\n\t\t\t\t<\/div>\n\t\t\t\t\t\t\t\t<\/div>\n\t\t\t\t<\/div>\n\t\t\t\t<\/div>\n\t\t\t\t<\/div>\n\t\t<div class=\"elementor-element elementor-element-113bb20 e-con-full e-flex e-con e-child\" data-id=\"113bb20\" data-element_type=\"container\" data-e-type=\"container\" data-settings=\"{&quot;background_background&quot;:&quot;classic&quot;}\">\n\t\t\t\t<\/div>\n\t\t\t\t<\/div>\n\t\t\t\t<\/div>\n\t\t","protected":false},"excerpt":{"rendered":"<p>Les avocates Ma\u00eetre Alexandra GERENTON Ma\u00eetre Alexandra GERENTON met son\u00a0exp\u00e9rience et ses comp\u00e9tences\u00a0au service des particuliers et des professionnels en Droit du Travail et Droit de la S\u00e9curit\u00e9 Sociale et de la Protection Sociale afin de d\u00e9fendre au mieux leurs int\u00e9r\u00eats. Privil\u00e9giant la\u00a0disponibilit\u00e9 et la r\u00e9activit\u00e9, Ma\u00eetre Alexandra GERENTON apporte un accompagnement adapt\u00e9, son analyse [&hellip;]<\/p>\n","protected":false},"author":1,"featured_media":0,"parent":0,"menu_order":2,"comment_status":"closed","ping_status":"closed","template":"","meta":{"_acf_changed":false,"footnotes":""},"class_list":["post-15","page","type-page","status-publish","hentry"],"acf":[],"_links":{"self":[{"href":"https:\/\/altheis.agencecreativo.com\/index.php\/wp-json\/wp\/v2\/pages\/15","targetHints":{"allow":["GET"]}}],"collection":[{"href":"https:\/\/altheis.agencecreativo.com\/index.php\/wp-json\/wp\/v2\/pages"}],"about":[{"href":"https:\/\/altheis.agencecreativo.com\/index.php\/wp-json\/wp\/v2\/types\/page"}],"author":[{"embeddable":true,"href":"https:\/\/altheis.agencecreativo.com\/index.php\/wp-json\/wp\/v2\/users\/1"}],"replies":[{"embeddable":true,"href":"https:\/\/altheis.agencecreativo.com\/index.php\/wp-json\/wp\/v2\/comments?post=15"}],"version-history":[{"count":10,"href":"https:\/\/altheis.agencecreativo.com\/index.php\/wp-json\/wp\/v2\/pages\/15\/revisions"}],"predecessor-version":[{"id":288,"href":"https:\/\/altheis.agencecreativo.com\/index.php\/wp-json\/wp\/v2\/pages\/15\/revisions\/288"}],"wp:attachment":[{"href":"https:\/\/altheis.agencecreativo.com\/index.php\/wp-json\/wp\/v2\/media?parent=15"}],"curies":[{"name":"wp","href":"https:\/\/api.w.org\/{rel}","templated":true}]}}